{"id":1036,"date":"2025-10-06T15:16:20","date_gmt":"2025-10-06T15:16:20","guid":{"rendered":"https:\/\/usdamexico.org\/?page_id=1036"},"modified":"2026-01-07T19:28:33","modified_gmt":"2026-01-07T19:28:33","slug":"upcoming-events","status":"publish","type":"page","link":"https:\/\/usdamexico.org\/es\/upcoming-events\/","title":{"rendered":"Upcoming Events"},"content":{"rendered":"<div data-elementor-type=\"wp-page\" data-elementor-id=\"1036\" class=\"elementor elementor-1036\" data-elementor-post-type=\"page\">\n\t\t\t\t<div class=\"elementor-element elementor-element-e254139 e-flex e-con-boxed e-con e-parent\" data-id=\"e254139\" data-element_type=\"container\" data-e-type=\"container\" data-settings=\"{&quot;background_background&quot;:&quot;classic&quot;}\">\n\t\t\t\t\t<div class=\"e-con-inner\">\n\t\t\t\t<div class=\"elementor-element elementor-element-6e66262 elementor-widget elementor-widget-heading\" data-id=\"6e66262\" data-element_type=\"widget\" data-e-type=\"widget\" data-widget_type=\"heading.default\">\n\t\t\t\t\t<h1 class=\"elementor-heading-title elementor-size-default\">Noticias y pr\u00f3ximos eventos\n<\/h1>\t\t\t\t<\/div>\n\t\t\t\t\t<\/div>\n\t\t\t\t<\/div>\n\t\t<div class=\"elementor-element elementor-element-ded6e5a e-flex e-con-boxed e-con e-parent\" data-id=\"ded6e5a\" data-element_type=\"container\" data-e-type=\"container\">\n\t\t\t\t\t<div class=\"e-con-inner\">\n\t\t\t\t<div class=\"elementor-element elementor-element-50eafb6 elementor-widget elementor-widget-search\" data-id=\"50eafb6\" data-element_type=\"widget\" data-e-type=\"widget\" data-settings=\"{&quot;submit_trigger&quot;:&quot;click_submit&quot;,&quot;pagination_type_options&quot;:&quot;none&quot;}\" data-widget_type=\"search.default\">\n\t\t\t\t\t\t\t<search class=\"e-search hidden\" role=\"search\">\n\t\t\t<form class=\"e-search-form\" action=\"https:\/\/usdamexico.org\/es\/\" method=\"get\" data-trp-original-action=\"https:\/\/usdamexico.org\/es\">\n\n\t\t\t\t\n\t\t\t\t<label class=\"e-search-label\" for=\"search-50eafb6\">\n\t\t\t\t\t<span class=\"elementor-screen-only\">\n\t\t\t\t\t\tBuscar\t\t\t\t\t<\/span>\n\t\t\t\t\t\t\t\t\t<\/label>\n\n\t\t\t\t<div class=\"e-search-input-wrapper\">\n\t\t\t\t\t<input id=\"search-50eafb6\" placeholder=\"Escribe para comenzar a buscar...\" class=\"e-search-input\" type=\"search\" name=\"s\" value=\"\" autocomplete=\"off\" role=\"combobox\" aria-autocomplete=\"list\" aria-expanded=\"false\" aria-controls=\"results-50eafb6\" aria-haspopup=\"listbox\">\n\t\t\t\t\t<svg aria-hidden=\"true\" class=\"e-font-icon-svg e-fas-times\" viewbox=\"0 0 352 512\" xmlns=\"http:\/\/www.w3.org\/2000\/svg\"><path d=\"M242.72 256l100.07-100.07c12.28-12.28 12.28-32.19 0-44.48l-22.24-22.24c-12.28-12.28-32.19-12.28-44.48 0L176 189.28 75.93 89.21c-12.28-12.28-32.19-12.28-44.48 0L9.21 111.45c-12.28 12.28-12.28 32.19 0 44.48L109.28 256 9.21 356.07c-12.28 12.28-12.28 32.19 0 44.48l22.24 22.24c12.28 12.28 32.2 12.28 44.48 0L176 322.72l100.07 100.07c12.28 12.28 32.2 12.28 44.48 0l22.24-22.24c12.28-12.28 12.28-32.19 0-44.48L242.72 256z\"><\/path><\/svg>\t\t\t\t\t\t\t\t\t\t<output id=\"results-50eafb6\" class=\"e-search-results-container hide-loader\" aria-live=\"polite\" aria-atomic=\"true\" aria-label=\"Results for search\" tabindex=\"0\">\n\t\t\t\t\t\t<div class=\"e-search-results\"><\/div>\n\t\t\t\t\t\t\t\t\t\t\t<\/output>\n\t\t\t\t\t\t\t\t\t<\/div>\n\t\t\t\t\n\t\t\t\t\n\t\t\t\t<button class=\"e-search-submit\" type=\"submit\">\n\t\t\t\t\t\n\t\t\t\t\t\t\t\t\t\t<span class=\"\">\n\t\t\t\t\t\tBuscar\t\t\t\t\t<\/span>\n\t\t\t\t\t\t\t\t\t<\/button>\n\t\t\t\t<input type=\"hidden\" name=\"e_search_props\" value=\"50eafb6-1036\">\n\t\t\t<input type=\"hidden\" name=\"trp-form-language\" value=\"es\"\/><\/form>\n\t\t<\/search>\n\t\t\t\t\t\t<\/div>\n\t\t\t\t<div class=\"elementor-element elementor-element-b986a66 elementor-grid-1 elementor-posts--thumbnail-none elementor-grid-tablet-2 elementor-grid-mobile-1 elementor-widget elementor-widget-posts\" data-id=\"b986a66\" data-element_type=\"widget\" data-e-type=\"widget\" data-settings=\"{&quot;classic_columns&quot;:&quot;1&quot;,&quot;pagination_type&quot;:&quot;numbers_and_prev_next&quot;,&quot;classic_columns_tablet&quot;:&quot;2&quot;,&quot;classic_columns_mobile&quot;:&quot;1&quot;,&quot;classic_row_gap&quot;:{&quot;unit&quot;:&quot;px&quot;,&quot;size&quot;:35,&quot;sizes&quot;:[]},&quot;classic_row_gap_laptop&quot;:{&quot;unit&quot;:&quot;px&quot;,&quot;size&quot;:&quot;&quot;,&quot;sizes&quot;:[]},&quot;classic_row_gap_tablet&quot;:{&quot;unit&quot;:&quot;px&quot;,&quot;size&quot;:&quot;&quot;,&quot;sizes&quot;:[]},&quot;classic_row_gap_mobile&quot;:{&quot;unit&quot;:&quot;px&quot;,&quot;size&quot;:&quot;&quot;,&quot;sizes&quot;:[]}}\" data-widget_type=\"posts.classic\">\n\t\t\t\t<div class=\"elementor-widget-container\">\n\t\t\t\t\t\t\t<div class=\"elementor-posts-container elementor-posts elementor-posts--skin-classic elementor-grid\" role=\"list\">\n\t\t\t\t<article class=\"elementor-post elementor-grid-item post-1746 post type-post status-publish format-standard has-post-thumbnail hentry category-bulletin\" role=\"listitem\">\n\t\t\t\t<div class=\"elementor-post__text\">\n\t\t\t\t<h4 class=\"elementor-post__title\">\n\t\t\t<a href=\"https:\/\/usdamexico.org\/es\/united-states-and-mexico-launch-joint-educational-campaign-to-prevent-and-detect-new-world-screwworm\/\" >\n\t\t\t\tEstados Unidos y M\u00e9xico lanzan campa\u00f1a educativa conjunta para la prevenci\u00f3n y detecci\u00f3n del gusano barrenador del ganado\t\t\t<\/a>\n\t\t<\/h4>\n\t\t\t\t<div class=\"elementor-post__meta-data\">\n\t\t\t\t\t<span class=\"elementor-post-date\">\n\t\t\tfebrero 19, 2026\t\t<\/span>\n\t\t\t\t<\/div>\n\t\t\t\t<div class=\"elementor-post__excerpt\">\n\t\t\t<p>Mexico City, January 20, 2026\u00a0\u2014The United States Embassy in Mexico City, in coordination with the U.S. Department of Agriculture (USDA),\u00a0and\u00a0Mexico\u2019s National Service for\u00a0Agri-Food\u00a0Health, Safety and<\/p>\n\t\t<\/div>\n\t\t\n\t\t<a class=\"elementor-post__read-more\" href=\"https:\/\/usdamexico.org\/es\/united-states-and-mexico-launch-joint-educational-campaign-to-prevent-and-detect-new-world-screwworm\/\" aria-label=\"Read more about United States and Mexico Launch Joint Educational Campaign to Prevent and Detect New World Screwworm\" tabindex=\"-1\" >\n\t\t\tLeer M\u00e1s \u00bb\t\t<\/a>\n\n\t\t\t\t<\/div>\n\t\t\t\t<\/article>\n\t\t\t\t<article class=\"elementor-post elementor-grid-item post-1586 post type-post status-publish format-standard has-post-thumbnail hentry category-events\" role=\"listitem\">\n\t\t\t\t<div class=\"elementor-post__text\">\n\t\t\t\t<h4 class=\"elementor-post__title\">\n\t\t\t<a href=\"https:\/\/usdamexico.org\/es\/usda-launches-screwworm-gov-centralizing-new-world-screwworm-information-across-the-federal-government\/\" >\n\t\t\t\tUSDA Launches Screwworm.gov, Centralizing New World Screwworm Information Across the Federal Government\t\t\t<\/a>\n\t\t<\/h4>\n\t\t\t\t<div class=\"elementor-post__meta-data\">\n\t\t\t\t\t<span class=\"elementor-post-date\">\n\t\t\tnoviembre 21, 2025\t\t<\/span>\n\t\t\t\t<\/div>\n\t\t\t\t<div class=\"elementor-post__excerpt\">\n\t\t\t<p>(Washington, D.C., November 21, 2025)\u00a0\u2013 Today, the U.S. Department of Agriculture (USDA) is excited to highlight the launch of the NEW Unified New World screwworm<\/p>\n\t\t<\/div>\n\t\t\n\t\t<a class=\"elementor-post__read-more\" href=\"https:\/\/usdamexico.org\/es\/usda-launches-screwworm-gov-centralizing-new-world-screwworm-information-across-the-federal-government\/\" aria-label=\"Read more about USDA Launches Screwworm.gov, Centralizing New World Screwworm Information Across the Federal Government\" tabindex=\"-1\" >\n\t\t\tLeer M\u00e1s \u00bb\t\t<\/a>\n\n\t\t\t\t<\/div>\n\t\t\t\t<\/article>\n\t\t\t\t<article class=\"elementor-post elementor-grid-item post-1535 post type-post status-publish format-standard has-post-thumbnail hentry category-bulletin\" role=\"listitem\">\n\t\t\t\t<div class=\"elementor-post__text\">\n\t\t\t\t<h4 class=\"elementor-post__title\">\n\t\t\t<a href=\"https:\/\/usdamexico.org\/es\/secretary-rollins-leads-largest-usda-trade-mission-to-mexico-participates-in-new-world-screwworm-joint-reviews\/\" >\n\t\t\t\tSecretary Rollins Leads Largest USDA Trade Mission to Mexico, Participates in New World Screwworm Joint Reviews\t\t\t<\/a>\n\t\t<\/h4>\n\t\t\t\t<div class=\"elementor-post__meta-data\">\n\t\t\t\t\t<span class=\"elementor-post-date\">\n\t\t\tnoviembre 13, 2025\t\t<\/span>\n\t\t\t\t<\/div>\n\t\t\t\t<div class=\"elementor-post__excerpt\">\n\t\t\t<p>(Washington, D.C., November 13, 2025)\u202f\u2013\u202fLast week in Mexico City, Mexico, U.S. Secretary of Agriculture Brooke L. Rollins led the largest U.S. Department of Agriculture agribusiness<\/p>\n\t\t<\/div>\n\t\t\n\t\t<a class=\"elementor-post__read-more\" href=\"https:\/\/usdamexico.org\/es\/secretary-rollins-leads-largest-usda-trade-mission-to-mexico-participates-in-new-world-screwworm-joint-reviews\/\" aria-label=\"Read more about Secretary Rollins Leads Largest USDA Trade Mission to Mexico, Participates in New World Screwworm Joint Reviews\" tabindex=\"-1\" >\n\t\t\tLeer M\u00e1s \u00bb\t\t<\/a>\n\n\t\t\t\t<\/div>\n\t\t\t\t<\/article>\n\t\t\t\t<article class=\"elementor-post elementor-grid-item post-1625 post type-post status-publish format-standard has-post-thumbnail hentry category-events\" role=\"listitem\">\n\t\t\t\t<div class=\"elementor-post__text\">\n\t\t\t\t<h4 class=\"elementor-post__title\">\n\t\t\t<a href=\"https:\/\/usdamexico.org\/es\/first-u-s-tart-cherries-promotion-in-northern-mexico\/\" >\n\t\t\t\tFirst U.S. Tart Cherries Promotion in Northern Mexico\t\t\t<\/a>\n\t\t<\/h4>\n\t\t\t\t<div class=\"elementor-post__meta-data\">\n\t\t\t\t\t<span class=\"elementor-post-date\">\n\t\t\t22 de septiembre de 2025\t\t<\/span>\n\t\t\t\t<\/div>\n\t\t\t\t<div class=\"elementor-post__excerpt\">\n\t\t\t<p>On September 22, the Agricultural TradeOffice in Monterrey partnered with theCherry Marketing Institute (CMI) andAmerican Pistachio Growers (APG) toorganize the \u201cSeminario CerezasAgridulces\u201d (Tart Cherries Seminar).<\/p>\n\t\t<\/div>\n\t\t\n\t\t<a class=\"elementor-post__read-more\" href=\"https:\/\/usdamexico.org\/es\/first-u-s-tart-cherries-promotion-in-northern-mexico\/\" aria-label=\"Read more about First U.S. Tart Cherries Promotion in Northern Mexico\" tabindex=\"-1\" >\n\t\t\tLeer M\u00e1s \u00bb\t\t<\/a>\n\n\t\t\t\t<\/div>\n\t\t\t\t<\/article>\n\t\t\t\t<\/div>\n\t\t\n\t\t\t\t\t\t<\/div>\n\t\t\t\t<\/div>\n\t\t\t\t<div class=\"elementor-element elementor-element-e9ea100 gain-empty-msg elementor-widget elementor-widget-text-editor\" data-id=\"e9ea100\" data-element_type=\"widget\" data-e-type=\"widget\" data-widget_type=\"text-editor.default\">\n\t\t\t\t\t\t\t\t\t<p>We couldn\u2019t find a match for your search.<br \/><a href=\"https:\/\/gain.fas.usda.gov\/#\/home\">You can browse more reports here<\/a>.<\/p>\t\t\t\t\t\t\t\t<\/div>\n\t\t\t\t<div class=\"elementor-element elementor-element-30af42c elementor-widget elementor-widget-text-editor\" data-id=\"30af42c\" data-element_type=\"widget\" data-e-type=\"widget\" data-widget_type=\"text-editor.default\">\n\t\t\t\t\t\t\t\t\t<p>Para mayores informes, puede visitar el siguiente enlace: <a style=\"color: #555; text-decoration: underline;\" href=\"https:\/\/gain.fas.usda.gov\/?utm_source=chatgpt.com#\/home\" target=\"_new\" rel=\"noopener\" data-start=\"131\" data-end=\"199\">gain.fas.usda.gov<\/a><\/p>\t\t\t\t\t\t\t\t<\/div>\n\t\t\t\t\t<\/div>\n\t\t\t\t<\/div>\n\t\t\t\t<\/div>","protected":false},"excerpt":{"rendered":"<p>News and Upcoming Events Search Search We couldn\u2019t find a match for your search.You can browse more reports here. For older reports, you can visit the following link: gain.fas.usda.gov<\/p>","protected":false},"author":1,"featured_media":0,"parent":0,"menu_order":0,"comment_status":"closed","ping_status":"closed","template":"","meta":{"footnotes":""},"class_list":["post-1036","page","type-page","status-publish","hentry"],"_links":{"self":[{"href":"https:\/\/usdamexico.org\/es\/wp-json\/wp\/v2\/pages\/1036","targetHints":{"allow":["GET"]}}],"collection":[{"href":"https:\/\/usdamexico.org\/es\/wp-json\/wp\/v2\/pages"}],"about":[{"href":"https:\/\/usdamexico.org\/es\/wp-json\/wp\/v2\/types\/page"}],"author":[{"embeddable":true,"href":"https:\/\/usdamexico.org\/es\/wp-json\/wp\/v2\/users\/1"}],"replies":[{"embeddable":true,"href":"https:\/\/usdamexico.org\/es\/wp-json\/wp\/v2\/comments?post=1036"}],"version-history":[{"count":8,"href":"https:\/\/usdamexico.org\/es\/wp-json\/wp\/v2\/pages\/1036\/revisions"}],"predecessor-version":[{"id":1656,"href":"https:\/\/usdamexico.org\/es\/wp-json\/wp\/v2\/pages\/1036\/revisions\/1656"}],"wp:attachment":[{"href":"https:\/\/usdamexico.org\/es\/wp-json\/wp\/v2\/media?parent=1036"}],"curies":[{"name":"wp","href":"https:\/\/api.w.org\/{rel}","templated":true}]}}