{"id":688,"date":"2025-09-03T20:52:48","date_gmt":"2025-09-03T20:52:48","guid":{"rendered":"https:\/\/usdamexico.org\/?page_id=688"},"modified":"2025-11-03T19:43:21","modified_gmt":"2025-11-03T19:43:21","slug":"trade-agreement-usmca","status":"publish","type":"page","link":"https:\/\/usdamexico.org\/es\/trade-agreement-usmca\/","title":{"rendered":"Acuerdo Comercial (T-MEC)"},"content":{"rendered":"<div data-elementor-type=\"wp-page\" data-elementor-id=\"688\" class=\"elementor elementor-688\" data-elementor-post-type=\"page\">\n\t\t\t\t<div class=\"elementor-element elementor-element-74e152c e-flex e-con-boxed e-con e-parent\" data-id=\"74e152c\" data-element_type=\"container\" data-e-type=\"container\" data-settings=\"{&quot;background_background&quot;:&quot;classic&quot;}\">\n\t\t\t\t\t<div class=\"e-con-inner\">\n\t\t\t\t<div class=\"elementor-element elementor-element-39e1985 elementor-widget elementor-widget-heading\" data-id=\"39e1985\" data-element_type=\"widget\" data-e-type=\"widget\" data-widget_type=\"heading.default\">\n\t\t\t\t\t<h1 class=\"elementor-heading-title elementor-size-default\">Acuerdo Comercial (T-MEC)<\/h1>\t\t\t\t<\/div>\n\t\t\t\t\t<\/div>\n\t\t\t\t<\/div>\n\t\t<div class=\"elementor-element elementor-element-7d68bdc e-flex e-con-boxed elementor-invisible e-con e-parent\" data-id=\"7d68bdc\" data-element_type=\"container\" data-e-type=\"container\" data-settings=\"{&quot;animation&quot;:&quot;fadeInUp&quot;}\">\n\t\t\t\t\t<div class=\"e-con-inner\">\n\t\t<div class=\"elementor-element elementor-element-0d4b29c e-con-full e-flex e-con e-child\" data-id=\"0d4b29c\" data-element_type=\"container\" data-e-type=\"container\">\n\t\t\t\t<div class=\"elementor-element elementor-element-98abd46 elementor-widget elementor-widget-heading\" data-id=\"98abd46\" data-element_type=\"widget\" data-e-type=\"widget\" data-widget_type=\"heading.default\">\n\t\t\t\t\t<h2 class=\"elementor-heading-title elementor-size-default\">Acuerdo entre Estados Unidos, M\u00e9xico y Canad\u00e1 (T-MEC)<\/h2>\t\t\t\t<\/div>\n\t\t\t\t<div class=\"elementor-element elementor-element-0eddd0a elementor-widget elementor-widget-text-editor\" data-id=\"0eddd0a\" data-element_type=\"widget\" data-e-type=\"widget\" data-widget_type=\"text-editor.default\">\n\t\t\t\t\t\t\t\t\t<p>El Acuerdo entre Estados Unidos, M\u00e9xico y Canad\u00e1 (T-MEC) entr\u00f3 en vigor el 1 de julio de 2020. El T-MEC, que sustituy\u00f3 al Tratado de Libre Comercio de Am\u00e9rica del Norte (TLCAN), representa un beneficio mutuo para los trabajadores, agricultores, ganaderos y empresas de Am\u00e9rica del Norte. El acuerdo promueve un comercio m\u00e1s equilibrado y rec\u00edproco, que impulsa empleos bien remunerados en Estados Unidos y fortalece la econom\u00eda norteamericana.<\/p><p>Entre los aspectos m\u00e1s destacados del acuerdo se incluyen:<\/p>\t\t\t\t\t\t\t\t<\/div>\n\t\t\t\t<div class=\"elementor-element elementor-element-5cddfd5 list-a elementor-icon-list--layout-traditional elementor-list-item-link-full_width elementor-widget elementor-widget-icon-list\" data-id=\"5cddfd5\" data-element_type=\"widget\" data-e-type=\"widget\" data-widget_type=\"icon-list.default\">\n\t\t\t\t\t\t\t<ul class=\"elementor-icon-list-items\">\n\t\t\t\t\t\t\t<li class=\"elementor-icon-list-item\">\n\t\t\t\t\t\t\t\t\t\t\t<span class=\"elementor-icon-list-icon\">\n\t\t\t\t\t\t\t<svg aria-hidden=\"true\" class=\"e-font-icon-svg e-fas-circle\" viewbox=\"0 0 512 512\" xmlns=\"http:\/\/www.w3.org\/2000\/svg\"><path d=\"M256 8C119 8 8 119 8 256s111 248 248 248 248-111 248-248S393 8 256 8z\"><\/path><\/svg>\t\t\t\t\t\t<\/span>\n\t\t\t\t\t\t\t\t\t\t<span class=\"elementor-icon-list-text\">Crear condiciones m\u00e1s equitativas para los trabajadores estadounidenses, incluyendo reglas de origen mejoradas para autom\u00f3viles, camiones y otros productos, as\u00ed como disciplinas sobre la manipulaci\u00f3n cambiaria.<\/span>\n\t\t\t\t\t\t\t\t\t<\/li>\n\t\t\t\t\t\t\t\t<li class=\"elementor-icon-list-item\">\n\t\t\t\t\t\t\t\t\t\t\t<span class=\"elementor-icon-list-icon\">\n\t\t\t\t\t\t\t<svg aria-hidden=\"true\" class=\"e-font-icon-svg e-fas-circle\" viewbox=\"0 0 512 512\" xmlns=\"http:\/\/www.w3.org\/2000\/svg\"><path d=\"M256 8C119 8 8 119 8 256s111 248 248 248 248-111 248-248S393 8 256 8z\"><\/path><\/svg>\t\t\t\t\t\t<\/span>\n\t\t\t\t\t\t\t\t\t\t<span class=\"elementor-icon-list-text\">Beneficiar a los agricultores, ganaderos y empresas agroindustriales de Estados Unidos mediante la modernizaci\u00f3n y el fortalecimiento del comercio de alimentos y productos agr\u00edcolas en Am\u00e9rica del Norte.<\/span>\n\t\t\t\t\t\t\t\t\t<\/li>\n\t\t\t\t\t\t\t\t<li class=\"elementor-icon-list-item\">\n\t\t\t\t\t\t\t\t\t\t\t<span class=\"elementor-icon-list-icon\">\n\t\t\t\t\t\t\t<svg aria-hidden=\"true\" class=\"e-font-icon-svg e-fas-circle\" viewbox=\"0 0 512 512\" xmlns=\"http:\/\/www.w3.org\/2000\/svg\"><path d=\"M256 8C119 8 8 119 8 256s111 248 248 248 248-111 248-248S393 8 256 8z\"><\/path><\/svg>\t\t\t\t\t\t<\/span>\n\t\t\t\t\t\t\t\t\t\t<span class=\"elementor-icon-list-text\">Apoyar una econom\u00eda del siglo XXI mediante nuevas protecciones a la propiedad intelectual estadounidense y garantizando oportunidades para el comercio de servicios.<\/span>\n\t\t\t\t\t\t\t\t\t<\/li>\n\t\t\t\t\t\t\t\t<li class=\"elementor-icon-list-item\">\n\t\t\t\t\t\t\t\t\t\t\t<span class=\"elementor-icon-list-icon\">\n\t\t\t\t\t\t\t<svg aria-hidden=\"true\" class=\"e-font-icon-svg e-fas-circle\" viewbox=\"0 0 512 512\" xmlns=\"http:\/\/www.w3.org\/2000\/svg\"><path d=\"M256 8C119 8 8 119 8 256s111 248 248 248 248-111 248-248S393 8 256 8z\"><\/path><\/svg>\t\t\t\t\t\t<\/span>\n\t\t\t\t\t\t\t\t\t\t<span class=\"elementor-icon-list-text\">Incorporar nuevos cap\u00edtulos sobre Comercio Digital, Anticorrupci\u00f3n y Buenas Pr\u00e1cticas Regulatorias, adem\u00e1s de un cap\u00edtulo dedicado a asegurar que las Peque\u00f1as y Medianas Empresas se beneficien del acuerdo.<\/span>\n\t\t\t\t\t\t\t\t\t<\/li>\n\t\t\t\t\t\t<\/ul>\n\t\t\t\t\t\t<\/div>\n\t\t\t\t<\/div>\n\t\t<div class=\"elementor-element elementor-element-c1348dc e-con-full e-flex e-con e-child\" data-id=\"c1348dc\" data-element_type=\"container\" data-e-type=\"container\">\n\t\t\t\t<div class=\"elementor-element elementor-element-fd24ff5 elementor-arrows-position-outside elementor-widget elementor-widget-image-carousel\" data-id=\"fd24ff5\" data-element_type=\"widget\" data-e-type=\"widget\" data-settings=\"{&quot;slides_to_show&quot;:&quot;1&quot;,&quot;navigation&quot;:&quot;arrows&quot;,&quot;autoplay&quot;:&quot;yes&quot;,&quot;pause_on_hover&quot;:&quot;yes&quot;,&quot;pause_on_interaction&quot;:&quot;yes&quot;,&quot;autoplay_speed&quot;:5000,&quot;infinite&quot;:&quot;yes&quot;,&quot;effect&quot;:&quot;slide&quot;,&quot;speed&quot;:500}\" data-widget_type=\"image-carousel.default\">\n\t\t\t\t\t\t\t<div class=\"elementor-image-carousel-wrapper swiper\" role=\"region\" aria-roledescription=\"carousel\" aria-label=\"Image Carousel\" dir=\"ltr\">\n\t\t\t<div class=\"elementor-image-carousel swiper-wrapper\" aria-live=\"off\">\n\t\t\t\t\t\t\t\t<div class=\"swiper-slide\" role=\"group\" aria-roledescription=\"slide\" aria-label=\"1 de 1\"><figure class=\"swiper-slide-inner\"><img decoding=\"async\" class=\"swiper-slide-image\" src=\"https:\/\/usdamexico.org\/wp-content\/uploads\/elementor\/thumbs\/8454755643_618eacd1e2_k-rbipht9piekhvsglc9u9l6tdwgi3br1z8sbfkiinvk.jpg\" alt=\"8454755643_618eacd1e2_k\" \/><\/figure><\/div>\t\t\t<\/div>\n\t\t\t\t\t<\/div>\n\t\t\t\t\t\t<\/div>\n\t\t\t\t<\/div>\n\t\t\t\t\t<\/div>\n\t\t\t\t<\/div>\n\t\t<div class=\"elementor-element elementor-element-26ec5fa e-flex e-con-boxed e-con e-parent\" data-id=\"26ec5fa\" data-element_type=\"container\" data-e-type=\"container\">\n\t\t\t\t\t<div class=\"e-con-inner\">\n\t\t\t\t<div class=\"elementor-element elementor-element-ba1679b elementor-widget-divider--view-line elementor-widget elementor-widget-divider\" data-id=\"ba1679b\" data-element_type=\"widget\" data-e-type=\"widget\" data-widget_type=\"divider.default\">\n\t\t\t\t\t\t\t<div class=\"elementor-divider\">\n\t\t\t<span class=\"elementor-divider-separator\">\n\t\t\t\t\t\t<\/span>\n\t\t<\/div>\n\t\t\t\t\t\t<\/div>\n\t\t\t\t\t<\/div>\n\t\t\t\t<\/div>\n\t\t<div class=\"elementor-element elementor-element-7ee040f e-flex e-con-boxed elementor-invisible e-con e-parent\" data-id=\"7ee040f\" data-element_type=\"container\" data-e-type=\"container\" data-settings=\"{&quot;animation&quot;:&quot;fadeInUp&quot;}\">\n\t\t\t\t\t<div class=\"e-con-inner\">\n\t\t<div class=\"elementor-element elementor-element-30ad165 e-con-full elementor-hidden-tablet elementor-hidden-mobile e-flex e-con e-child\" data-id=\"30ad165\" data-element_type=\"container\" data-e-type=\"container\">\n\t\t\t\t<div class=\"elementor-element elementor-element-19c4993 elementor-arrows-position-outside elementor-widget elementor-widget-image-carousel\" data-id=\"19c4993\" data-element_type=\"widget\" data-e-type=\"widget\" data-settings=\"{&quot;slides_to_show&quot;:&quot;1&quot;,&quot;navigation&quot;:&quot;arrows&quot;,&quot;autoplay&quot;:&quot;yes&quot;,&quot;pause_on_hover&quot;:&quot;yes&quot;,&quot;pause_on_interaction&quot;:&quot;yes&quot;,&quot;autoplay_speed&quot;:5000,&quot;infinite&quot;:&quot;yes&quot;,&quot;effect&quot;:&quot;slide&quot;,&quot;speed&quot;:500}\" data-widget_type=\"image-carousel.default\">\n\t\t\t\t\t\t\t<div class=\"elementor-image-carousel-wrapper swiper\" role=\"region\" aria-roledescription=\"carousel\" aria-label=\"Image Carousel\" dir=\"ltr\">\n\t\t\t<div class=\"elementor-image-carousel swiper-wrapper\" aria-live=\"off\">\n\t\t\t\t\t\t\t\t<div class=\"swiper-slide\" role=\"group\" aria-roledescription=\"slide\" aria-label=\"1 de 1\"><figure class=\"swiper-slide-inner\"><img decoding=\"async\" class=\"swiper-slide-image\" src=\"https:\/\/usdamexico.org\/wp-content\/uploads\/elementor\/thumbs\/52907944179_76f761c27c_k-1-rbiple1lipgs2d9jgbi5ksbja8vdma97ehoybf7q74.jpg\" alt=\"52907944179_76f761c27c_k (1)\" \/><\/figure><\/div>\t\t\t<\/div>\n\t\t\t\t\t<\/div>\n\t\t\t\t\t\t<\/div>\n\t\t\t\t<\/div>\n\t\t<div class=\"elementor-element elementor-element-ac4e815 e-con-full e-flex e-con e-child\" data-id=\"ac4e815\" data-element_type=\"container\" data-e-type=\"container\">\n\t\t\t\t<div class=\"elementor-element elementor-element-15f87f8 elementor-widget elementor-widget-heading\" data-id=\"15f87f8\" data-element_type=\"widget\" data-e-type=\"widget\" data-widget_type=\"heading.default\">\n\t\t\t\t\t<h2 class=\"elementor-heading-title elementor-size-default\">Resumen del comercio e inversi\u00f3n del T-MEC<\/h2>\t\t\t\t<\/div>\n\t\t\t\t<div class=\"elementor-element elementor-element-d7fda41 list-a elementor-icon-list--layout-traditional elementor-list-item-link-full_width elementor-widget elementor-widget-icon-list\" data-id=\"d7fda41\" data-element_type=\"widget\" data-e-type=\"widget\" data-widget_type=\"icon-list.default\">\n\t\t\t\t\t\t\t<ul class=\"elementor-icon-list-items\">\n\t\t\t\t\t\t\t<li class=\"elementor-icon-list-item\">\n\t\t\t\t\t\t\t\t\t\t\t<span class=\"elementor-icon-list-icon\">\n\t\t\t\t\t\t\t<svg aria-hidden=\"true\" class=\"e-font-icon-svg e-fas-circle\" viewbox=\"0 0 512 512\" xmlns=\"http:\/\/www.w3.org\/2000\/svg\"><path d=\"M256 8C119 8 8 119 8 256s111 248 248 248 248-111 248-248S393 8 256 8z\"><\/path><\/svg>\t\t\t\t\t\t<\/span>\n\t\t\t\t\t\t\t\t\t\t<span class=\"elementor-icon-list-text\">El comercio de bienes y servicios de Estados Unidos con los pa\u00edses del T-MEC ascendi\u00f3 a un estimado de 1.8 billones de d\u00f3lares en 2022. Las exportaciones fueron de 789.7 mil millones y las importaciones de 974.3 mil millones. El d\u00e9ficit comercial de bienes y servicios de Estados Unidos con los pa\u00edses del T-MEC fue de 184.6 mil millones en 2022.<\/span>\n\t\t\t\t\t\t\t\t\t<\/li>\n\t\t\t\t\t\t\t\t<li class=\"elementor-icon-list-item\">\n\t\t\t\t\t\t\t\t\t\t\t<span class=\"elementor-icon-list-icon\">\n\t\t\t\t\t\t\t<svg aria-hidden=\"true\" class=\"e-font-icon-svg e-fas-circle\" viewbox=\"0 0 512 512\" xmlns=\"http:\/\/www.w3.org\/2000\/svg\"><path d=\"M256 8C119 8 8 119 8 256s111 248 248 248 248-111 248-248S393 8 256 8z\"><\/path><\/svg>\t\t\t\t\t\t<\/span>\n\t\t\t\t\t\t\t\t\t\t<span class=\"elementor-icon-list-text\">Las exportaciones estadounidenses de bienes hacia los socios del T-MEC en 2022 fueron de 680.8 mil millones de d\u00f3lares, un aumento del 16.0 % (94.1 mil millones) respecto a 2021 y un incremento del 34 % en comparaci\u00f3n con 2012. Las importaciones estadounidenses de bienes provenientes del T-MEC totalizaron 891.3 mil millones en 2022, un aumento del 20.5 % (151.5 mil millones) respecto a 2021 y del 48 % desde 2012. Las exportaciones estadounidenses al T-MEC representaron el 33 % del total de exportaciones de Estados Unidos en 2022. El d\u00e9ficit comercial de bienes con el T-MEC fue de 210.6 mil millones en 2022, un aumento del 37.5 % (57.4 mil millones) respecto a 2021.<\/span>\n\t\t\t\t\t\t\t\t\t<\/li>\n\t\t\t\t\t\t\t\t<li class=\"elementor-icon-list-item\">\n\t\t\t\t\t\t\t\t\t\t\t<span class=\"elementor-icon-list-icon\">\n\t\t\t\t\t\t\t<svg aria-hidden=\"true\" class=\"e-font-icon-svg e-fas-circle\" viewbox=\"0 0 512 512\" xmlns=\"http:\/\/www.w3.org\/2000\/svg\"><path d=\"M256 8C119 8 8 119 8 256s111 248 248 248 248-111 248-248S393 8 256 8z\"><\/path><\/svg>\t\t\t\t\t\t<\/span>\n\t\t\t\t\t\t\t\t\t\t<span class=\"elementor-icon-list-text\">Las exportaciones estadounidenses de servicios hacia el T-MEC se estimaron en 109 mil millones de d\u00f3lares en 2022, un 23.6 % (21 mil millones) m\u00e1s que en 2021 y un 17 % m\u00e1s que en 2012. Las importaciones estadounidenses de servicios desde los pa\u00edses del T-MEC se estimaron en 83 mil millones en 2022, un 27 % (17.6 mil millones) m\u00e1s que en 2021 y un 66 % m\u00e1s que en 2012. Los principales servicios exportados por Estados Unidos al T-MEC correspondieron a los sectores de viajes, servicios profesionales y de gesti\u00f3n, y servicios financieros. Estados Unidos registr\u00f3 un super\u00e1vit comercial en servicios estimado en 26 mil millones de d\u00f3lares con el T-MEC en 2022, un aumento del 14 % respecto a 2021.<\/span>\n\t\t\t\t\t\t\t\t\t<\/li>\n\t\t\t\t\t\t\t\t<li class=\"elementor-icon-list-item\">\n\t\t\t\t\t\t\t\t\t\t\t<span class=\"elementor-icon-list-icon\">\n\t\t\t\t\t\t\t<svg aria-hidden=\"true\" class=\"e-font-icon-svg e-fas-circle\" viewbox=\"0 0 512 512\" xmlns=\"http:\/\/www.w3.org\/2000\/svg\"><path d=\"M256 8C119 8 8 119 8 256s111 248 248 248 248-111 248-248S393 8 256 8z\"><\/path><\/svg>\t\t\t\t\t\t<\/span>\n\t\t\t\t\t\t\t\t\t\t<span class=\"elementor-icon-list-text\">La inversi\u00f3n extranjera directa (IED) de Estados Unidos en los pa\u00edses del T-MEC alcanz\u00f3 569 mil millones de d\u00f3lares en 2022, un incremento del 9.5 % con respecto a 2021. La inversi\u00f3n estadounidense en el T-MEC se concentra principalmente en los sectores manufacturero, financiero y de compa\u00f1\u00edas tenedoras no bancarias.<\/span>\n\t\t\t\t\t\t\t\t\t<\/li>\n\t\t\t\t\t\t\t\t<li class=\"elementor-icon-list-item\">\n\t\t\t\t\t\t\t\t\t\t\t<span class=\"elementor-icon-list-icon\">\n\t\t\t\t\t\t\t<svg aria-hidden=\"true\" class=\"e-font-icon-svg e-fas-circle\" viewbox=\"0 0 512 512\" xmlns=\"http:\/\/www.w3.org\/2000\/svg\"><path d=\"M256 8C119 8 8 119 8 256s111 248 248 248 248-111 248-248S393 8 256 8z\"><\/path><\/svg>\t\t\t\t\t\t<\/span>\n\t\t\t\t\t\t\t\t\t\t<span class=\"elementor-icon-list-text\">La IED proveniente de los pa\u00edses del T-MEC hacia Estados Unidos fue de 623.1 mil millones de d\u00f3lares en 2022, un aumento del 8 % con respecto a 2021. La inversi\u00f3n directa del T-MEC en Estados Unidos se concentra en los sectores financiero, manufacturero y bancario.<\/span>\n\t\t\t\t\t\t\t\t\t<\/li>\n\t\t\t\t\t\t<\/ul>\n\t\t\t\t\t\t<\/div>\n\t\t\t\t<div class=\"elementor-element elementor-element-c85d1ae elementor-widget elementor-widget-text-editor\" data-id=\"c85d1ae\" data-element_type=\"widget\" data-e-type=\"widget\" data-widget_type=\"text-editor.default\">\n\t\t\t\t\t\t\t\t\t<p>Para consultar el texto completo del acuerdo entre Estados Unidos, M\u00e9xico y Canad\u00e1, <a href=\"https:\/\/ustr.gov\/trade-agreements\/free-trade-agreements\/united-states-mexico-canada-agreement\/agreement-between\" target=\"_blank\" rel=\"noopener\">haga clic aqu\u00ed.<\/a><\/p><p>Fuente: Oficina del Representante Comercial de los Estados Unidos (Office of the United States Trade Representative)<\/p>\t\t\t\t\t\t\t\t<\/div>\n\t\t\t\t<\/div>\n\t\t<div class=\"elementor-element elementor-element-d8aa54a e-con-full elementor-hidden-desktop elementor-hidden-laptop e-flex e-con e-child\" data-id=\"d8aa54a\" data-element_type=\"container\" data-e-type=\"container\">\n\t\t\t\t<div class=\"elementor-element elementor-element-bc9c95d elementor-arrows-position-outside elementor-widget elementor-widget-image-carousel\" data-id=\"bc9c95d\" data-element_type=\"widget\" data-e-type=\"widget\" data-settings=\"{&quot;slides_to_show&quot;:&quot;1&quot;,&quot;navigation&quot;:&quot;arrows&quot;,&quot;autoplay&quot;:&quot;yes&quot;,&quot;pause_on_hover&quot;:&quot;yes&quot;,&quot;pause_on_interaction&quot;:&quot;yes&quot;,&quot;autoplay_speed&quot;:5000,&quot;infinite&quot;:&quot;yes&quot;,&quot;effect&quot;:&quot;slide&quot;,&quot;speed&quot;:500}\" data-widget_type=\"image-carousel.default\">\n\t\t\t\t\t\t\t<div class=\"elementor-image-carousel-wrapper swiper\" role=\"region\" aria-roledescription=\"carousel\" aria-label=\"Image Carousel\" dir=\"ltr\">\n\t\t\t<div class=\"elementor-image-carousel swiper-wrapper\" aria-live=\"off\">\n\t\t\t\t\t\t\t\t<div class=\"swiper-slide\" role=\"group\" aria-roledescription=\"slide\" aria-label=\"1 de 1\"><figure class=\"swiper-slide-inner\"><img decoding=\"async\" class=\"swiper-slide-image\" src=\"https:\/\/usdamexico.org\/wp-content\/uploads\/elementor\/thumbs\/52907944179_76f761c27c_k-1-rbiple1lipgs2d9jgbi5ksbja8vdma97ehoybf7q74.jpg\" alt=\"52907944179_76f761c27c_k (1)\" \/><\/figure><\/div>\t\t\t<\/div>\n\t\t\t\t\t<\/div>\n\t\t\t\t\t\t<\/div>\n\t\t\t\t<\/div>\n\t\t\t\t\t<\/div>\n\t\t\t\t<\/div>\n\t\t\t\t<\/div>","protected":false},"excerpt":{"rendered":"<p>Trade Agreement (USMCA) United States-Mexico-Canada Agreement The United States-Mexico-Canada Agreement (USMCA) entered into force on July 1, 2020. The USMCA, which substituted the North America Free Trade Agreement (NAFTA) is a mutually beneficial win for North American workers, farmers, ranchers, and businesses. The Agreement creates more balanced, reciprocal trade supporting high-paying jobs for Americans and [&hellip;]<\/p>\n","protected":false},"author":1,"featured_media":0,"parent":0,"menu_order":0,"comment_status":"closed","ping_status":"closed","template":"","meta":{"footnotes":""},"class_list":["post-688","page","type-page","status-publish","hentry"],"_links":{"self":[{"href":"https:\/\/usdamexico.org\/es\/wp-json\/wp\/v2\/pages\/688","targetHints":{"allow":["GET"]}}],"collection":[{"href":"https:\/\/usdamexico.org\/es\/wp-json\/wp\/v2\/pages"}],"about":[{"href":"https:\/\/usdamexico.org\/es\/wp-json\/wp\/v2\/types\/page"}],"author":[{"embeddable":true,"href":"https:\/\/usdamexico.org\/es\/wp-json\/wp\/v2\/users\/1"}],"replies":[{"embeddable":true,"href":"https:\/\/usdamexico.org\/es\/wp-json\/wp\/v2\/comments?post=688"}],"version-history":[{"count":56,"href":"https:\/\/usdamexico.org\/es\/wp-json\/wp\/v2\/pages\/688\/revisions"}],"predecessor-version":[{"id":1503,"href":"https:\/\/usdamexico.org\/es\/wp-json\/wp\/v2\/pages\/688\/revisions\/1503"}],"wp:attachment":[{"href":"https:\/\/usdamexico.org\/es\/wp-json\/wp\/v2\/media?parent=688"}],"curies":[{"name":"wp","href":"https:\/\/api.w.org\/{rel}","templated":true}]}}