{"id":850,"date":"2025-09-10T19:52:01","date_gmt":"2025-09-10T19:52:01","guid":{"rendered":"https:\/\/usdamexico.org\/?page_id=850"},"modified":"2025-11-03T19:39:35","modified_gmt":"2025-11-03T19:39:35","slug":"about-us","status":"publish","type":"page","link":"https:\/\/usdamexico.org\/es\/about-us\/","title":{"rendered":"Nosotros"},"content":{"rendered":"<div data-elementor-type=\"wp-page\" data-elementor-id=\"850\" class=\"elementor elementor-850\" data-elementor-post-type=\"page\">\n\t\t\t\t<div class=\"elementor-element elementor-element-89f11f4 e-flex e-con-boxed e-con e-parent\" data-id=\"89f11f4\" data-element_type=\"container\" data-e-type=\"container\" data-settings=\"{&quot;background_background&quot;:&quot;classic&quot;}\">\n\t\t\t\t\t<div class=\"e-con-inner\">\n\t\t\t\t<div class=\"elementor-element elementor-element-addf525 elementor-widget elementor-widget-heading\" data-id=\"addf525\" data-element_type=\"widget\" data-e-type=\"widget\" data-widget_type=\"heading.default\">\n\t\t\t\t\t<h2 class=\"elementor-heading-title elementor-size-default\">Nosotros<\/h2>\t\t\t\t<\/div>\n\t\t\t\t\t<\/div>\n\t\t\t\t<\/div>\n\t\t<div class=\"elementor-element elementor-element-8672123 e-flex e-con-boxed elementor-invisible e-con e-parent\" data-id=\"8672123\" data-element_type=\"container\" data-e-type=\"container\" data-settings=\"{&quot;animation&quot;:&quot;fadeInUp&quot;}\">\n\t\t\t\t\t<div class=\"e-con-inner\">\n\t\t<div class=\"elementor-element elementor-element-7fe6a24 e-con-full e-flex e-con e-child\" data-id=\"7fe6a24\" data-element_type=\"container\" data-e-type=\"container\">\n\t\t\t\t<div class=\"elementor-element elementor-element-1ca8c3c elementor-widget elementor-widget-heading\" data-id=\"1ca8c3c\" data-element_type=\"widget\" data-e-type=\"widget\" data-widget_type=\"heading.default\">\n\t\t\t\t\t<h2 class=\"elementor-heading-title elementor-size-default\">Nuestros programas y servicios<\/h2>\t\t\t\t<\/div>\n\t\t\t\t<div class=\"elementor-element elementor-element-7cd38a3 elementor-widget elementor-widget-text-editor\" data-id=\"7cd38a3\" data-element_type=\"widget\" data-e-type=\"widget\" data-widget_type=\"text-editor.default\">\n\t\t\t\t\t\t\t\t\t<h3><u><a href=\"https:\/\/www.fas.usda.gov\/topics\/trade-policy\" target=\"_blank\" rel=\"noreferrer noopener\" data-saferedirecturl=\"https:\/\/www.google.com\/url?q=https:\/\/www.fas.usda.gov\/topics\/trade-policy&amp;source=gmail&amp;ust=1757616304605000&amp;usg=AOvVaw2OjyuIpWQyhIglP9GNhU2E\">Pol\u00edtica comercial<\/a><\/u><\/h3><p>El FAS ampl\u00eda y mantiene el acceso a los mercados extranjeros para los productos agr\u00edcolas de Estados Unidos al eliminar barreras comerciales y hacer valer los derechos del pa\u00eds en virtud de los acuerdos comerciales existentes. El FAS colabora con gobiernos extranjeros, organizaciones internacionales y con la Oficina del Representante Comercial de los Estados Unidos para establecer normas y reglas internacionales que mejoren la transparencia y la previsibilidad del comercio agr\u00edcola.<\/p><h3><u><a href=\"https:\/\/www.fas.usda.gov\/topics\/market-development\" target=\"_blank\" rel=\"noreferrer noopener\" data-saferedirecturl=\"https:\/\/www.google.com\/url?q=https:\/\/www.fas.usda.gov\/topics\/market-development&amp;source=gmail&amp;ust=1757616304605000&amp;usg=AOvVaw1wvfiUpAUqB6gWidguckk8\">Desarrollo de mercados<\/a><\/u>\u00a0y\u00a0<u><a href=\"https:\/\/www.fas.usda.gov\/topics\/exporting\" target=\"_blank\" rel=\"noreferrer noopener\" data-saferedirecturl=\"https:\/\/www.google.com\/url?q=https:\/\/www.fas.usda.gov\/topics\/exporting&amp;source=gmail&amp;ust=1757616304605000&amp;usg=AOvVaw3NWy-bcTzTf0GpET8Nt_l1\">Asistencia a la Exportaci\u00f3n<\/a><\/u><\/h3><p>El FAS colabora con m\u00e1s de 70 grupos cooperadores que representan a diversos sectores de la industria alimentaria y agr\u00edcola de Estados Unidos, y administra un conjunto de programas de promoci\u00f3n comercial dise\u00f1ados para ayudar a los exportadores estadounidenses a desarrollar y mantener mercados para cientos de productos. Adem\u00e1s, el FAS apoya a los exportadores agr\u00edcolas de Estados Unidos mediante programas de garant\u00eda de cr\u00e9dito a la exportaci\u00f3n y otros tipos de asistencia.<\/p><h3><u><a href=\"https:\/\/www.fas.usda.gov\/data\" target=\"_blank\" rel=\"noreferrer noopener\" data-saferedirecturl=\"https:\/\/www.google.com\/url?q=https:\/\/www.fas.usda.gov\/data&amp;source=gmail&amp;ust=1757616304605000&amp;usg=AOvVaw3Wq7_nKHXlW35wFnvRNziH\">Datos y an\u00e1lisis<\/a><\/u><\/h3><p>La red global de contactos del FAS y sus relaciones de larga data con grupos internacionales contribuyen a su capacidad \u00fanica de an\u00e1lisis e inteligencia de mercado. Los analistas del FAS proporcionan informaci\u00f3n objetiva sobre las condiciones de los mercados extranjeros, elaboran pron\u00f3sticos de producci\u00f3n, eval\u00faan oportunidades de exportaci\u00f3n y dan seguimiento a los cambios en las pol\u00edticas que afectan las exportaciones e importaciones agr\u00edcolas de Estados Unidos.<\/p><h3><u><a href=\"https:\/\/www.fas.usda.gov\/topics\/food-security\" target=\"_blank\" rel=\"noreferrer noopener\" data-saferedirecturl=\"https:\/\/www.google.com\/url?q=https:\/\/www.fas.usda.gov\/topics\/food-security&amp;source=gmail&amp;ust=1757616304605000&amp;usg=AOvVaw2qkKk2xX1LTAzN1nwojx66\">Seguridad alimentaria<\/a><\/u><\/h3><p>El FAS encabeza los esfuerzos del USDA para ayudar a los pa\u00edses en desarrollo a mejorar sus sistemas agr\u00edcolas y fortalecer su capacidad comercial. Asimismo, el FAS colabora con la Agencia de los Estados Unidos para el Desarrollo Internacional (USAID) en la administraci\u00f3n de programas de asistencia alimentaria, brindando apoyo a personas necesitadas en todo el mundo. Los programas de asistencia alimentaria no emergente del FAS contribuyen a satisfacer las necesidades nutricionales de los beneficiarios y tambi\u00e9n fomentan el desarrollo agr\u00edcola y la educaci\u00f3n.<\/p>\t\t\t\t\t\t\t\t<\/div>\n\t\t\t\t<div class=\"elementor-element elementor-element-d1e6b45 elementor-widget elementor-widget-button\" data-id=\"d1e6b45\" data-element_type=\"widget\" data-e-type=\"widget\" data-widget_type=\"button.default\">\n\t\t\t\t\t\t\t\t\t\t<a class=\"elementor-button elementor-button-link elementor-size-sm\" href=\"https:\/\/www.fas.usda.gov\/regions\/mexico\" target=\"_blank\">\n\t\t\t\t\t\t<span class=\"elementor-button-content-wrapper\">\n\t\t\t\t\t\t<span class=\"elementor-button-icon\">\n\t\t\t\t<svg xmlns=\"http:\/\/www.w3.org\/2000\/svg\" width=\"800px\" height=\"800px\" viewbox=\"0 0 24 24\" fill=\"none\"><g id=\"SVGRepo_bgCarrier\" stroke-width=\"0\"><\/g><g id=\"SVGRepo_tracerCarrier\" stroke-linecap=\"round\" stroke-linejoin=\"round\"><\/g><g id=\"SVGRepo_iconCarrier\"><path d=\"M4 12H20M20 12L16 8M20 12L16 16\" stroke=\"#ffffff\" stroke-width=\"2\" stroke-linecap=\"round\" stroke-linejoin=\"round\"><\/path><\/g><\/svg>\t\t\t<\/span>\n\t\t\t\t\t\t\t\t\t<span class=\"elementor-button-text\">Conoce m\u00e1s<\/span>\n\t\t\t\t\t<\/span>\n\t\t\t\t\t<\/a>\n\t\t\t\t\t\t\t\t<\/div>\n\t\t\t\t<\/div>\n\t\t<div class=\"elementor-element elementor-element-7227554 e-con-full e-flex e-con e-child\" data-id=\"7227554\" data-element_type=\"container\" data-e-type=\"container\">\n\t\t\t\t<div class=\"elementor-element elementor-element-7714c42 elementor-widget elementor-widget-gallery\" data-id=\"7714c42\" data-element_type=\"widget\" data-e-type=\"widget\" data-settings=\"{&quot;gallery_layout&quot;:&quot;masonry&quot;,&quot;columns&quot;:2,&quot;columns_mobile&quot;:2,&quot;lazyload&quot;:&quot;yes&quot;,&quot;columns_tablet&quot;:2,&quot;gap&quot;:{&quot;unit&quot;:&quot;px&quot;,&quot;size&quot;:10,&quot;sizes&quot;:[]},&quot;gap_laptop&quot;:{&quot;unit&quot;:&quot;px&quot;,&quot;size&quot;:10,&quot;sizes&quot;:[]},&quot;gap_tablet&quot;:{&quot;unit&quot;:&quot;px&quot;,&quot;size&quot;:10,&quot;sizes&quot;:[]},&quot;gap_mobile&quot;:{&quot;unit&quot;:&quot;px&quot;,&quot;size&quot;:10,&quot;sizes&quot;:[]},&quot;overlay_background&quot;:&quot;yes&quot;,&quot;content_hover_animation&quot;:&quot;fade-in&quot;}\" data-widget_type=\"gallery.default\">\n\t\t\t\t\t\t\t<div class=\"elementor-gallery__container\">\n\t\t\t\t\t\t\t<div class=\"e-gallery-item elementor-gallery-item elementor-animated-content\">\n\t\t\t\t\t<div class=\"e-gallery-image elementor-gallery-item__image\" data-thumbnail=\"https:\/\/usdamexico.org\/wp-content\/uploads\/2025\/09\/7209864684_c797394b50_k-199x300.jpg\" data-width=\"199\" data-height=\"300\" aria-label=\"\" role=\"img\" ><\/div>\n\t\t\t\t\t\t\t\t\t\t\t<div class=\"elementor-gallery-item__overlay\"><\/div>\n\t\t\t\t\t\t\t\t\t\t\t\t\t\t<\/div>\n\t\t\t\t\t\t\t<div class=\"e-gallery-item elementor-gallery-item elementor-animated-content\">\n\t\t\t\t\t<div class=\"e-gallery-image elementor-gallery-item__image\" data-thumbnail=\"https:\/\/usdamexico.org\/wp-content\/uploads\/2025\/09\/7189574065_f8038de85d_k-300x199.jpg\" data-width=\"300\" data-height=\"199\" aria-label=\"\" role=\"img\" ><\/div>\n\t\t\t\t\t\t\t\t\t\t\t<div class=\"elementor-gallery-item__overlay\"><\/div>\n\t\t\t\t\t\t\t\t\t\t\t\t\t\t<\/div>\n\t\t\t\t\t\t\t<div class=\"e-gallery-item elementor-gallery-item elementor-animated-content\">\n\t\t\t\t\t<div class=\"e-gallery-image elementor-gallery-item__image\" data-thumbnail=\"https:\/\/usdamexico.org\/wp-content\/uploads\/2025\/09\/7209861888_ff941b5441_k-199x300.jpg\" data-width=\"199\" data-height=\"300\" aria-label=\"\" role=\"img\" ><\/div>\n\t\t\t\t\t\t\t\t\t\t\t<div class=\"elementor-gallery-item__overlay\"><\/div>\n\t\t\t\t\t\t\t\t\t\t\t\t\t\t<\/div>\n\t\t\t\t\t\t\t<div class=\"e-gallery-item elementor-gallery-item elementor-animated-content\">\n\t\t\t\t\t<div class=\"e-gallery-image elementor-gallery-item__image\" data-thumbnail=\"https:\/\/usdamexico.org\/wp-content\/uploads\/2025\/09\/7209847456_6fea04e407_k-300x199.jpg\" data-width=\"300\" data-height=\"199\" aria-label=\"\" role=\"img\" ><\/div>\n\t\t\t\t\t\t\t\t\t\t\t<div class=\"elementor-gallery-item__overlay\"><\/div>\n\t\t\t\t\t\t\t\t\t\t\t\t\t\t<\/div>\n\t\t\t\t\t\t\t<div class=\"e-gallery-item elementor-gallery-item elementor-animated-content\">\n\t\t\t\t\t<div class=\"e-gallery-image elementor-gallery-item__image\" data-thumbnail=\"https:\/\/usdamexico.org\/wp-content\/uploads\/2025\/09\/7209812322_a17a1c957d_k-300x201.jpg\" data-width=\"300\" data-height=\"201\" aria-label=\"\" role=\"img\" ><\/div>\n\t\t\t\t\t\t\t\t\t\t\t<div class=\"elementor-gallery-item__overlay\"><\/div>\n\t\t\t\t\t\t\t\t\t\t\t\t\t\t<\/div>\n\t\t\t\t\t\t\t<div class=\"e-gallery-item elementor-gallery-item elementor-animated-content\">\n\t\t\t\t\t<div class=\"e-gallery-image elementor-gallery-item__image\" data-thumbnail=\"https:\/\/usdamexico.org\/wp-content\/uploads\/2025\/08\/52578203593_fb7cbf325a_o-1-300x200.jpg\" data-width=\"300\" data-height=\"200\" aria-label=\"\" role=\"img\" ><\/div>\n\t\t\t\t\t\t\t\t\t\t\t<div class=\"elementor-gallery-item__overlay\"><\/div>\n\t\t\t\t\t\t\t\t\t\t\t\t\t\t<\/div>\n\t\t\t\t\t<\/div>\n\t\t\t\t\t<\/div>\n\t\t\t\t<\/div>\n\t\t\t\t\t<\/div>\n\t\t\t\t<\/div>\n\t\t\t\t<\/div>","protected":false},"excerpt":{"rendered":"<p>About Us Our Programs and Services Trade Policy FAS expands and maintains access to foreign markets for U.S. agricultural products by removing trade barriers and enforcing U.S. rights under existing trade agreements. FAS works with foreign governments, international organizations, and the Office of the U.S. Trade Representative to establish international standards and rules to improve [&hellip;]<\/p>\n","protected":false},"author":1,"featured_media":0,"parent":0,"menu_order":0,"comment_status":"closed","ping_status":"closed","template":"elementor_header_footer","meta":{"footnotes":""},"class_list":["post-850","page","type-page","status-publish","hentry"],"_links":{"self":[{"href":"https:\/\/usdamexico.org\/es\/wp-json\/wp\/v2\/pages\/850","targetHints":{"allow":["GET"]}}],"collection":[{"href":"https:\/\/usdamexico.org\/es\/wp-json\/wp\/v2\/pages"}],"about":[{"href":"https:\/\/usdamexico.org\/es\/wp-json\/wp\/v2\/types\/page"}],"author":[{"embeddable":true,"href":"https:\/\/usdamexico.org\/es\/wp-json\/wp\/v2\/users\/1"}],"replies":[{"embeddable":true,"href":"https:\/\/usdamexico.org\/es\/wp-json\/wp\/v2\/comments?post=850"}],"version-history":[{"count":20,"href":"https:\/\/usdamexico.org\/es\/wp-json\/wp\/v2\/pages\/850\/revisions"}],"predecessor-version":[{"id":1500,"href":"https:\/\/usdamexico.org\/es\/wp-json\/wp\/v2\/pages\/850\/revisions\/1500"}],"wp:attachment":[{"href":"https:\/\/usdamexico.org\/es\/wp-json\/wp\/v2\/media?parent=850"}],"curies":[{"name":"wp","href":"https:\/\/api.w.org\/{rel}","templated":true}]}}